{"id":6400,"date":"2023-03-14T17:15:36","date_gmt":"2023-03-14T20:15:36","guid":{"rendered":"http:\/\/homolog.utisbrasileiras.com.br\/?page_id=6400"},"modified":"2023-05-19T11:41:44","modified_gmt":"2023-05-19T14:41:44","slug":"amib","status":"publish","type":"page","link":"https:\/\/www.utisbrasileiras.com\/es\/amib\/","title":{"rendered":"AMIB"},"content":{"rendered":"\t\t<div data-elementor-type=\"wp-page\" data-elementor-id=\"6400\" class=\"elementor elementor-6400\">\n\t\t\t\t\t\t\t\t\t<section class=\"elementor-section elementor-top-section elementor-element elementor-element-2e8b1fb elementor-section-boxed elementor-section-height-default elementor-section-height-default\" data-id=\"2e8b1fb\" data-element_type=\"section\">\n\t\t\t\t\t\t<div class=\"elementor-container elementor-column-gap-default\">\n\t\t\t\t\t<div class=\"elementor-column elementor-col-100 elementor-top-column elementor-element elementor-element-9c61011\" data-id=\"9c61011\" data-element_type=\"column\">\n\t\t\t<div class=\"elementor-widget-wrap elementor-element-populated\">\n\t\t\t\t\t\t\t\t<div class=\"elementor-element elementor-element-60755bf elementor-widget elementor-widget-spacer\" data-id=\"60755bf\" data-element_type=\"widget\" data-widget_type=\"spacer.default\">\n\t\t\t\t<div class=\"elementor-widget-container\">\n\t\t\t<style>\/*! elementor - v3.11.3 - 07-03-2023 *\/\n.elementor-column .elementor-spacer-inner{height:var(--spacer-size)}.e-con{--container-widget-width:100%}.e-con-inner>.elementor-widget-spacer,.e-con>.elementor-widget-spacer{width:var(--container-widget-width,var(--spacer-size));--align-self:var(--container-widget-align-self,initial);--flex-shrink:0}.e-con-inner>.elementor-widget-spacer>.elementor-widget-container,.e-con-inner>.elementor-widget-spacer>.elementor-widget-container>.elementor-spacer,.e-con>.elementor-widget-spacer>.elementor-widget-container,.e-con>.elementor-widget-spacer>.elementor-widget-container>.elementor-spacer{height:100%}.e-con-inner>.elementor-widget-spacer>.elementor-widget-container>.elementor-spacer>.elementor-spacer-inner,.e-con>.elementor-widget-spacer>.elementor-widget-container>.elementor-spacer>.elementor-spacer-inner{height:var(--container-widget-height,var(--spacer-size))}<\/style>\t\t<div class=\"elementor-spacer\">\n\t\t\t<div class=\"elementor-spacer-inner\"><\/div>\n\t\t<\/div>\n\t\t\t\t<\/div>\n\t\t\t\t<\/div>\n\t\t\t\t\t<\/div>\n\t\t<\/div>\n\t\t\t\t\t\t\t<\/div>\n\t\t<\/section>\n\t\t\t\t<section class=\"elementor-section elementor-top-section elementor-element elementor-element-83ef479 elementor-section-boxed elementor-section-height-default elementor-section-height-default\" data-id=\"83ef479\" data-element_type=\"section\" data-settings=\"{&quot;background_background&quot;:&quot;classic&quot;}\">\n\t\t\t\t\t\t\t<div class=\"elementor-background-overlay\"><\/div>\n\t\t\t\t\t\t\t<div class=\"elementor-container elementor-column-gap-default\">\n\t\t\t\t\t<div class=\"elementor-column elementor-col-33 elementor-top-column elementor-element elementor-element-9db02b3\" data-id=\"9db02b3\" data-element_type=\"column\">\n\t\t\t<div class=\"elementor-widget-wrap elementor-element-populated\">\n\t\t\t\t\t\t\t\t<div class=\"elementor-element elementor-element-67ea12a elementor-widget elementor-widget-heading\" data-id=\"67ea12a\" data-element_type=\"widget\" data-widget_type=\"heading.default\">\n\t\t\t\t<div class=\"elementor-widget-container\">\n\t\t\t<style>\/*! elementor - v3.11.3 - 07-03-2023 *\/\n.elementor-heading-title{padding:0;margin:0;line-height:1}.elementor-widget-heading .elementor-heading-title[class*=elementor-size-]>a{color:inherit;font-size:inherit;line-height:inherit}.elementor-widget-heading .elementor-heading-title.elementor-size-small{font-size:15px}.elementor-widget-heading .elementor-heading-title.elementor-size-medium{font-size:19px}.elementor-widget-heading .elementor-heading-title.elementor-size-large{font-size:29px}.elementor-widget-heading .elementor-heading-title.elementor-size-xl{font-size:39px}.elementor-widget-heading .elementor-heading-title.elementor-size-xxl{font-size:59px}<\/style><h1 class=\"elementor-heading-title elementor-size-large\">Sociedad Brasile\u00f1a de Terapia Intensiva (AMIB)<\/h1>\t\t<\/div>\n\t\t\t\t<\/div>\n\t\t\t\t<div class=\"elementor-element elementor-element-44cd38a elementor-widget elementor-widget-text-editor\" data-id=\"44cd38a\" data-element_type=\"widget\" data-widget_type=\"text-editor.default\">\n\t\t\t\t<div class=\"elementor-widget-container\">\n\t\t\t<style>\/*! elementor - v3.11.3 - 07-03-2023 *\/\n.elementor-widget-text-editor.elementor-drop-cap-view-stacked .elementor-drop-cap{background-color:#818a91;color:#fff}.elementor-widget-text-editor.elementor-drop-cap-view-framed .elementor-drop-cap{color:#818a91;border:3px solid;background-color:transparent}.elementor-widget-text-editor:not(.elementor-drop-cap-view-default) .elementor-drop-cap{margin-top:8px}.elementor-widget-text-editor:not(.elementor-drop-cap-view-default) .elementor-drop-cap-letter{width:1em;height:1em}.elementor-widget-text-editor .elementor-drop-cap{float:left;text-align:center;line-height:1;font-size:50px}.elementor-widget-text-editor .elementor-drop-cap-letter{display:inline-block}<\/style>\t\t\t\t<p>La historia de la Sociedad Brasile\u00f1a de Terapia Intensiva (AMIB) se entrelaza con la evoluci\u00f3n de la Medicina Cr\u00edtica. Con el paso de los a\u00f1os, todos los esfuerzos se mancomunaron siempre para fortalecer la especialidad y otorgar a los profesionales de las UCI acceso a la informaci\u00f3n que contribuye a mejorar la atenci\u00f3n de los pacientes en estado cr\u00edtico.<\/p><p>Esta magn\u00edfica historia comenz\u00f3 a mediados de la d\u00e9cada de 1970, cuando el pa\u00eds atravesaba importantes cambios pol\u00edticos y socioecon\u00f3micos. Comenzaron a constituirse diversas asociaciones m\u00e9dicas, lo que fortaleci\u00f3 a las ya existentes. En 1977, surgi\u00f3 la Sociedad Paulista de Terapia Intensiva (SOPATI), liderada por los doctores John Augustus Mattar, Mariza D\u2019Agostino Dias, Jose de Castro Thales Lima y Max Grinberg.<\/p><p>Se celebr\u00f3 una junta general para la fundaci\u00f3n de la AMIB y, el 11 de diciembre de 1980, se public\u00f3 en el Bolet\u00edn Oficial la fundaci\u00f3n de la Asociaci\u00f3n Brasile\u00f1a de Medicina Intensiva, acto que cont\u00f3 con la presencia y la membres\u00eda de m\u00e9dicos representantes del Distrito Federal, Minas Gerais, R\u00edo de Janeiro, Rio Grande do Sul, Paran\u00e1, Santa Catarina, Bah\u00eda y S\u00e3o Paulo.<\/p><p>Desde aquel entonces, la trayectoria de la AMIB se ha destacado por numerosos logros y, sobre todo, por las muchas mejoras que se introdujeron en la pr\u00e1ctica de la terapia intensiva en Brasil.<\/p><p>Visite el sitio web: <a href=\"http:\/\/www.amib.org.br\/\" target=\"_blank\" rel=\"noopener\">www.amib.org.br<\/a><\/p>\t\t\t\t\t\t<\/div>\n\t\t\t\t<\/div>\n\t\t\t\t\t<\/div>\n\t\t<\/div>\n\t\t\t\t<div class=\"elementor-column elementor-col-66 elementor-top-column elementor-element elementor-element-6e74ff5\" data-id=\"6e74ff5\" data-element_type=\"column\">\n\t\t\t<div class=\"elementor-widget-wrap elementor-element-populated\">\n\t\t\t\t\t\t\t\t<div class=\"elementor-element elementor-element-bb3874a elementor-widget elementor-widget-spacer\" data-id=\"bb3874a\" data-element_type=\"widget\" data-widget_type=\"spacer.default\">\n\t\t\t\t<div class=\"elementor-widget-container\">\n\t\t\t\t\t<div class=\"elementor-spacer\">\n\t\t\t<div class=\"elementor-spacer-inner\"><\/div>\n\t\t<\/div>\n\t\t\t\t<\/div>\n\t\t\t\t<\/div>\n\t\t\t\t<div class=\"elementor-element elementor-element-bd7fb10 elementor-widget elementor-widget-image\" data-id=\"bd7fb10\" data-element_type=\"widget\" data-widget_type=\"image.default\">\n\t\t\t\t<div class=\"elementor-widget-container\">\n\t\t\t<style>\/*! elementor - v3.11.3 - 07-03-2023 *\/\n.elementor-widget-image{text-align:center}.elementor-widget-image a{display:inline-block}.elementor-widget-image a img[src$=\".svg\"]{width:48px}.elementor-widget-image img{vertical-align:middle;display:inline-block}<\/style>\t\t\t\t\t\t\t\t\t\t\t\t<img decoding=\"async\" loading=\"lazy\" width=\"470\" height=\"209\" src=\"https:\/\/www.utisbrasileiras.com\/wp-content\/uploads\/2023\/03\/logo-amib.png\" class=\"attachment-medium_large size-medium_large wp-image-6407\" alt=\"\" srcset=\"https:\/\/www.utisbrasileiras.com\/wp-content\/uploads\/2023\/03\/logo-amib.png 470w, https:\/\/www.utisbrasileiras.com\/wp-content\/uploads\/2023\/03\/logo-amib-300x133.png 300w\" sizes=\"(max-width: 470px) 100vw, 470px\" \/>\t\t\t\t\t\t\t\t\t\t\t\t\t\t\t<\/div>\n\t\t\t\t<\/div>\n\t\t\t\t\t<\/div>\n\t\t<\/div>\n\t\t\t\t\t\t\t<\/div>\n\t\t<\/section>\n\t\t\t\t\t\t\t<\/div>\n\t\t","protected":false},"excerpt":{"rendered":"<p>Sociedad Brasile\u00f1a de Terapia Intensiva (AMIB) La historia de la Sociedad Brasile\u00f1a de Terapia Intensiva (AMIB) se entrelaza con la evoluci\u00f3n de la Medicina Cr\u00edtica. Con el [&hellip;]<\/p>\n","protected":false},"author":1,"featured_media":0,"parent":0,"menu_order":0,"comment_status":"closed","ping_status":"closed","template":"tpl\/front-page.php","meta":{"_eb_attr":""},"yoast_head":"<!-- This site is optimized with the Yoast SEO plugin v20.2.1 - https:\/\/yoast.com\/wordpress\/plugins\/seo\/ -->\r\n<title>AMIB - UTIs Brasileiras<\/title>\r\n<meta name=\"robots\" content=\"noindex, follow, max-snippet:-1, max-image-preview:large, max-video-preview:-1\" \/>\r\n<meta property=\"og:locale\" content=\"es_ES\" \/>\r\n<meta property=\"og:type\" content=\"article\" \/>\r\n<meta property=\"og:title\" content=\"AMIB - UTIs Brasileiras\" \/>\r\n<meta property=\"og:description\" content=\"Sociedad Brasile\u00f1a de Terapia Intensiva (AMIB) La historia de la Sociedad Brasile\u00f1a de Terapia Intensiva (AMIB) se entrelaza con la evoluci\u00f3n de la Medicina Cr\u00edtica. Con el [&hellip;]\" \/>\r\n<meta property=\"og:url\" content=\"https:\/\/www.utisbrasileiras.com\/es\/amib\/\" \/>\r\n<meta property=\"og:site_name\" content=\"UTIs Brasileiras\" \/>\r\n<meta property=\"article:modified_time\" content=\"2023-05-19T14:41:44+00:00\" \/>\r\n<meta property=\"og:image\" content=\"https:\/\/www.utisbrasileiras.com\/wp-content\/uploads\/2023\/03\/logo-amib.png\" \/>\r\n<meta name=\"twitter:card\" content=\"summary_large_image\" \/>\r\n<meta name=\"twitter:label1\" content=\"Tiempo de lectura\" \/>\n\t<meta name=\"twitter:data1\" content=\"2 minutos\" \/>\r\n<script type=\"application\/ld+json\" class=\"yoast-schema-graph\">{\"@context\":\"https:\/\/schema.org\",\"@graph\":[{\"@type\":\"WebPage\",\"@id\":\"https:\/\/www.utisbrasileiras.com\/es\/amib\/\",\"url\":\"https:\/\/www.utisbrasileiras.com\/es\/amib\/\",\"name\":\"AMIB - UTIs Brasileiras\",\"isPartOf\":{\"@id\":\"https:\/\/www.utisbrasileiras.com\/es\/#website\"},\"datePublished\":\"2023-03-14T20:15:36+00:00\",\"dateModified\":\"2023-05-19T14:41:44+00:00\",\"breadcrumb\":{\"@id\":\"https:\/\/www.utisbrasileiras.com\/es\/amib\/#breadcrumb\"},\"inLanguage\":\"es\",\"potentialAction\":[{\"@type\":\"ReadAction\",\"target\":[\"https:\/\/www.utisbrasileiras.com\/es\/amib\/\"]}]},{\"@type\":\"BreadcrumbList\",\"@id\":\"https:\/\/www.utisbrasileiras.com\/es\/amib\/#breadcrumb\",\"itemListElement\":[{\"@type\":\"ListItem\",\"position\":1,\"name\":\"In\u00edcio\",\"item\":\"https:\/\/www.utisbrasileiras.com\/es\/\"},{\"@type\":\"ListItem\",\"position\":2,\"name\":\"AMIB\"}]},{\"@type\":\"WebSite\",\"@id\":\"https:\/\/www.utisbrasileiras.com\/es\/#website\",\"url\":\"https:\/\/www.utisbrasileiras.com\/es\/\",\"name\":\"UTIs Brasileiras\",\"description\":\"O projeto UTIs Brasileiras visa caracterizar o perfil epidemiol\u00f3gico das UTIs brasileiras\",\"potentialAction\":[{\"@type\":\"SearchAction\",\"target\":{\"@type\":\"EntryPoint\",\"urlTemplate\":\"https:\/\/www.utisbrasileiras.com\/es\/?s={search_term_string}\"},\"query-input\":\"required name=search_term_string\"}],\"inLanguage\":\"es\"}]}<\/script>\r\n<!-- \/ Yoast SEO plugin. -->","yoast_head_json":{"title":"AMIB - UTIs Brasileiras","robots":{"index":"noindex","follow":"follow","max-snippet":"max-snippet:-1","max-image-preview":"max-image-preview:large","max-video-preview":"max-video-preview:-1"},"og_locale":"es_ES","og_type":"article","og_title":"AMIB - UTIs Brasileiras","og_description":"Sociedad Brasile\u00f1a de Terapia Intensiva (AMIB) La historia de la Sociedad Brasile\u00f1a de Terapia Intensiva (AMIB) se entrelaza con la evoluci\u00f3n de la Medicina Cr\u00edtica. Con el [&hellip;]","og_url":"https:\/\/www.utisbrasileiras.com\/es\/amib\/","og_site_name":"UTIs Brasileiras","article_modified_time":"2023-05-19T14:41:44+00:00","og_image":[{"url":"https:\/\/www.utisbrasileiras.com\/wp-content\/uploads\/2023\/03\/logo-amib.png"}],"twitter_card":"summary_large_image","twitter_misc":{"Tiempo de lectura":"2 minutos"},"schema":{"@context":"https:\/\/schema.org","@graph":[{"@type":"WebPage","@id":"https:\/\/www.utisbrasileiras.com\/es\/amib\/","url":"https:\/\/www.utisbrasileiras.com\/es\/amib\/","name":"AMIB - UTIs Brasileiras","isPartOf":{"@id":"https:\/\/www.utisbrasileiras.com\/es\/#website"},"datePublished":"2023-03-14T20:15:36+00:00","dateModified":"2023-05-19T14:41:44+00:00","breadcrumb":{"@id":"https:\/\/www.utisbrasileiras.com\/es\/amib\/#breadcrumb"},"inLanguage":"es","potentialAction":[{"@type":"ReadAction","target":["https:\/\/www.utisbrasileiras.com\/es\/amib\/"]}]},{"@type":"BreadcrumbList","@id":"https:\/\/www.utisbrasileiras.com\/es\/amib\/#breadcrumb","itemListElement":[{"@type":"ListItem","position":1,"name":"In\u00edcio","item":"https:\/\/www.utisbrasileiras.com\/es\/"},{"@type":"ListItem","position":2,"name":"AMIB"}]},{"@type":"WebSite","@id":"https:\/\/www.utisbrasileiras.com\/es\/#website","url":"https:\/\/www.utisbrasileiras.com\/es\/","name":"UTIs Brasileiras","description":"O projeto UTIs Brasileiras visa caracterizar o perfil epidemiol\u00f3gico das UTIs brasileiras","potentialAction":[{"@type":"SearchAction","target":{"@type":"EntryPoint","urlTemplate":"https:\/\/www.utisbrasileiras.com\/es\/?s={search_term_string}"},"query-input":"required name=search_term_string"}],"inLanguage":"es"}]}},"_links":{"self":[{"href":"https:\/\/www.utisbrasileiras.com\/es\/wp-json\/wp\/v2\/pages\/6400"}],"collection":[{"href":"https:\/\/www.utisbrasileiras.com\/es\/wp-json\/wp\/v2\/pages"}],"about":[{"href":"https:\/\/www.utisbrasileiras.com\/es\/wp-json\/wp\/v2\/types\/page"}],"author":[{"embeddable":true,"href":"https:\/\/www.utisbrasileiras.com\/es\/wp-json\/wp\/v2\/users\/1"}],"replies":[{"embeddable":true,"href":"https:\/\/www.utisbrasileiras.com\/es\/wp-json\/wp\/v2\/comments?post=6400"}],"version-history":[{"count":16,"href":"https:\/\/www.utisbrasileiras.com\/es\/wp-json\/wp\/v2\/pages\/6400\/revisions"}],"predecessor-version":[{"id":7373,"href":"https:\/\/www.utisbrasileiras.com\/es\/wp-json\/wp\/v2\/pages\/6400\/revisions\/7373"}],"wp:attachment":[{"href":"https:\/\/www.utisbrasileiras.com\/es\/wp-json\/wp\/v2\/media?parent=6400"}],"curies":[{"name":"wp","href":"https:\/\/api.w.org\/{rel}","templated":true}]}}