{"id":5258,"date":"2023-01-31T15:02:40","date_gmt":"2023-01-31T18:02:40","guid":{"rendered":"http:\/\/www.ucisecuatorianas.com\/?page_id=5258"},"modified":"2023-02-02T14:43:53","modified_gmt":"2023-02-02T17:43:53","slug":"seci","status":"publish","type":"page","link":"https:\/\/www.utisbrasileiras.com\/en\/seci\/","title":{"rendered":"SECI"},"content":{"rendered":"\t\t<div data-elementor-type=\"wp-page\" data-elementor-id=\"5258\" class=\"elementor elementor-5258\">\n\t\t\t\t\t\t\t\t\t<section class=\"elementor-section elementor-top-section elementor-element elementor-element-83ef479 elementor-section-boxed elementor-section-height-default elementor-section-height-default\" data-id=\"83ef479\" data-element_type=\"section\" data-settings=\"{&quot;background_background&quot;:&quot;slideshow&quot;,&quot;background_slideshow_gallery&quot;:[{&quot;id&quot;:4302,&quot;url&quot;:&quot;http:\\\/\\\/www.ucismexicanas.com\\\/wp-content\\\/uploads\\\/2022\\\/09\\\/TOPO.png&quot;}],&quot;background_slideshow_loop&quot;:&quot;yes&quot;,&quot;background_slideshow_slide_duration&quot;:5000,&quot;background_slideshow_slide_transition&quot;:&quot;fade&quot;,&quot;background_slideshow_transition_duration&quot;:500}\">\n\t\t\t\t\t\t<div class=\"elementor-container elementor-column-gap-no\">\n\t\t\t\t\t<div class=\"elementor-column elementor-col-50 elementor-top-column elementor-element elementor-element-89fe7da\" data-id=\"89fe7da\" data-element_type=\"column\">\n\t\t\t<div class=\"elementor-widget-wrap elementor-element-populated\">\n\t\t\t\t\t\t\t\t<div class=\"elementor-element elementor-element-041a5a8 elementor-widget elementor-widget-spacer\" data-id=\"041a5a8\" data-element_type=\"widget\" data-widget_type=\"spacer.default\">\n\t\t\t\t<div class=\"elementor-widget-container\">\n\t\t\t<style>\/*! elementor - v3.11.3 - 07-03-2023 *\/\n.elementor-column .elementor-spacer-inner{height:var(--spacer-size)}.e-con{--container-widget-width:100%}.e-con-inner>.elementor-widget-spacer,.e-con>.elementor-widget-spacer{width:var(--container-widget-width,var(--spacer-size));--align-self:var(--container-widget-align-self,initial);--flex-shrink:0}.e-con-inner>.elementor-widget-spacer>.elementor-widget-container,.e-con-inner>.elementor-widget-spacer>.elementor-widget-container>.elementor-spacer,.e-con>.elementor-widget-spacer>.elementor-widget-container,.e-con>.elementor-widget-spacer>.elementor-widget-container>.elementor-spacer{height:100%}.e-con-inner>.elementor-widget-spacer>.elementor-widget-container>.elementor-spacer>.elementor-spacer-inner,.e-con>.elementor-widget-spacer>.elementor-widget-container>.elementor-spacer>.elementor-spacer-inner{height:var(--container-widget-height,var(--spacer-size))}<\/style>\t\t<div class=\"elementor-spacer\">\n\t\t\t<div class=\"elementor-spacer-inner\"><\/div>\n\t\t<\/div>\n\t\t\t\t<\/div>\n\t\t\t\t<\/div>\n\t\t\t\t<div class=\"elementor-element elementor-element-7544812 elementor-widget elementor-widget-heading\" data-id=\"7544812\" data-element_type=\"widget\" data-widget_type=\"heading.default\">\n\t\t\t\t<div class=\"elementor-widget-container\">\n\t\t\t<style>\/*! elementor - v3.11.3 - 07-03-2023 *\/\n.elementor-heading-title{padding:0;margin:0;line-height:1}.elementor-widget-heading .elementor-heading-title[class*=elementor-size-]>a{color:inherit;font-size:inherit;line-height:inherit}.elementor-widget-heading .elementor-heading-title.elementor-size-small{font-size:15px}.elementor-widget-heading .elementor-heading-title.elementor-size-medium{font-size:19px}.elementor-widget-heading .elementor-heading-title.elementor-size-large{font-size:29px}.elementor-widget-heading .elementor-heading-title.elementor-size-xl{font-size:39px}.elementor-widget-heading .elementor-heading-title.elementor-size-xxl{font-size:59px}<\/style><h1 class=\"elementor-heading-title elementor-size-large\">Sociedad Ecuatoriana de Cuidados Intensivos (SECI)<\/h1>\t\t<\/div>\n\t\t\t\t<\/div>\n\t\t\t\t<div class=\"elementor-element elementor-element-2c7958d elementor-widget elementor-widget-text-editor\" data-id=\"2c7958d\" data-element_type=\"widget\" data-widget_type=\"text-editor.default\">\n\t\t\t\t<div class=\"elementor-widget-container\">\n\t\t\t<style>\/*! elementor - v3.11.3 - 07-03-2023 *\/\n.elementor-widget-text-editor.elementor-drop-cap-view-stacked .elementor-drop-cap{background-color:#818a91;color:#fff}.elementor-widget-text-editor.elementor-drop-cap-view-framed .elementor-drop-cap{color:#818a91;border:3px solid;background-color:transparent}.elementor-widget-text-editor:not(.elementor-drop-cap-view-default) .elementor-drop-cap{margin-top:8px}.elementor-widget-text-editor:not(.elementor-drop-cap-view-default) .elementor-drop-cap-letter{width:1em;height:1em}.elementor-widget-text-editor .elementor-drop-cap{float:left;text-align:center;line-height:1;font-size:50px}.elementor-widget-text-editor .elementor-drop-cap-letter{display:inline-block}<\/style>\t\t\t\t<p>En los albores de la d\u00e9cada de los 70\u2019 se fueron estructurando las Unidades de Terapia Intensiva de Ecuador. El crecimiento fue lento hasta la d\u00e9cada siguiente en la que progresivamente se adaptaron unidades en el resto de los hospitales y cl\u00ednicas del pa\u00eds. En 1974 la Terapia Intensiva del IESS de Quito se convierte en la pionera de una organizaci\u00f3n incipiente de la especialidade.<\/p><p>A principios de la d\u00e9cada del 80\u2019, precisamente el 10 de abril, en el sal\u00f3n auditorio del Hospital General de las FFAA de Quito se reunieron 18 profesionales: de Quito (13) Guayaquil (4) Cuenca (1) y resolvieron formar la Sociedad Ecuatoriana de Cuidados Intensivos. En esta reuni\u00f3n se designo la primera directiva presidida por el Dr. Crist\u00f3bal Sarzosa (Neum\u00f3logo de Quito) y en la Comisi\u00f3n de Estatutos como presidente al Dr. Alberto Lasso (Anestesi\u00f3logo de Quito). Reci\u00e9n el 25 de febrero de 1982, el Ministerio de Salud P\u00fablica, con acuerdo ministerial # 358 aprueba la creaci\u00f3n de la SOCIEDAD ECUATORIANA DE CUIDADOS INTENSIVOS (SECI).<\/p><p>En principio los Estatutos de la Sociedad tomaron las bases legales de la Sociedad de Cirug\u00eda, en ellos se contemplaba una Sociedad Nacional y la constituci\u00f3n futura de n\u00facleos provinciales. Penosamente debieron pasar muchos a\u00f1os, quiz\u00e1 demasiados para que la institucionalidad de la SECI tome cuerpo y se fortalezca. Reci\u00e9n en 1993 se actualizan y modifican los Estatutos, cambia su nombre a Sociedad Ecuatoriana de Medicina Cr\u00edtica, se realiz\u00f3 el primer Congreso Nacional y en 1995 se establece el n\u00facleo del Azuay. Tambi\u00e9n en ese a\u00f1o se incorporan los pediatras neonat\u00f3logos y se acepta la participaci\u00f3n de las enfermeras al interior de la organizaci\u00f3n.<\/p><p>La Sociedad, al paso de los a\u00f1os, es testigo de la sustituci\u00f3n de una buena parte de sus promotores iniciales ahora dedicados a otras especialidades y al esfuerzo y promoci\u00f3n de nuevos especialistas que empiezan a llegar al pa\u00eds. El balance, sin embargo, muestra desequilibrios y en algunas ocasiones refleja las situaciones internas comunes de las instituciones del pa\u00eds caracterizadas por los signos de desarticulaci\u00f3n regional, intereses circunstanciales, abulia administrativa y conflictos personales, todo lo cual se refleja en participaciones directrices autocr\u00e1ticas, per\u00edodos excesivamente prolongados de cargos directivos sin elecciones, conflictos grupales y escasa proyecci\u00f3n nacional.Para obtener m\u00e1s informaci\u00f3n, acceda a:\u00a0<a href=\"https:\/\/sites.google.com\/view\/secipichincha\" target=\"_blank\" rel=\"noopener\">https:\/\/sites.google.com\/view\/secipichincha<\/a><\/p>\t\t\t\t\t\t<\/div>\n\t\t\t\t<\/div>\n\t\t\t\t\t<\/div>\n\t\t<\/div>\n\t\t\t\t<div class=\"elementor-column elementor-col-50 elementor-top-column elementor-element elementor-element-f3a0153\" data-id=\"f3a0153\" data-element_type=\"column\">\n\t\t\t<div class=\"elementor-widget-wrap elementor-element-populated\">\n\t\t\t\t\t\t\t\t<div class=\"elementor-element elementor-element-41d892a elementor-widget elementor-widget-spacer\" data-id=\"41d892a\" data-element_type=\"widget\" data-widget_type=\"spacer.default\">\n\t\t\t\t<div class=\"elementor-widget-container\">\n\t\t\t\t\t<div class=\"elementor-spacer\">\n\t\t\t<div class=\"elementor-spacer-inner\"><\/div>\n\t\t<\/div>\n\t\t\t\t<\/div>\n\t\t\t\t<\/div>\n\t\t\t\t<div class=\"elementor-element elementor-element-4621172 elementor-widget elementor-widget-spacer\" data-id=\"4621172\" data-element_type=\"widget\" data-widget_type=\"spacer.default\">\n\t\t\t\t<div class=\"elementor-widget-container\">\n\t\t\t\t\t<div class=\"elementor-spacer\">\n\t\t\t<div class=\"elementor-spacer-inner\"><\/div>\n\t\t<\/div>\n\t\t\t\t<\/div>\n\t\t\t\t<\/div>\n\t\t\t\t<div class=\"elementor-element elementor-element-b7b1e1f elementor-widget elementor-widget-image\" data-id=\"b7b1e1f\" data-element_type=\"widget\" data-widget_type=\"image.default\">\n\t\t\t\t<div class=\"elementor-widget-container\">\n\t\t\t<style>\/*! elementor - v3.11.3 - 07-03-2023 *\/\n.elementor-widget-image{text-align:center}.elementor-widget-image a{display:inline-block}.elementor-widget-image a img[src$=\".svg\"]{width:48px}.elementor-widget-image img{vertical-align:middle;display:inline-block}<\/style>\t\t\t\t\t\t\t\t\t\t\t\t<img decoding=\"async\" loading=\"lazy\" width=\"829\" height=\"244\" src=\"https:\/\/www.utisbrasileiras.com\/wp-content\/uploads\/2023\/01\/SECI.jpg\" class=\"attachment-large size-large wp-image-5262\" alt=\"\" srcset=\"https:\/\/www.utisbrasileiras.com\/wp-content\/uploads\/2023\/01\/SECI.jpg 829w, https:\/\/www.utisbrasileiras.com\/wp-content\/uploads\/2023\/01\/SECI-300x88.jpg 300w, https:\/\/www.utisbrasileiras.com\/wp-content\/uploads\/2023\/01\/SECI-768x226.jpg 768w\" sizes=\"(max-width: 829px) 100vw, 829px\" \/>\t\t\t\t\t\t\t\t\t\t\t\t\t\t\t<\/div>\n\t\t\t\t<\/div>\n\t\t\t\t\t<\/div>\n\t\t<\/div>\n\t\t\t\t\t\t\t<\/div>\n\t\t<\/section>\n\t\t\t\t<section class=\"elementor-section elementor-top-section elementor-element elementor-element-7040309 elementor-section-boxed elementor-section-height-default elementor-section-height-default\" data-id=\"7040309\" data-element_type=\"section\">\n\t\t\t\t\t\t<div class=\"elementor-container elementor-column-gap-default\">\n\t\t\t\t\t<div class=\"elementor-column elementor-col-100 elementor-top-column elementor-element elementor-element-9f98d18\" data-id=\"9f98d18\" data-element_type=\"column\">\n\t\t\t<div class=\"elementor-widget-wrap\">\n\t\t\t\t\t\t\t\t\t<\/div>\n\t\t<\/div>\n\t\t\t\t\t\t\t<\/div>\n\t\t<\/section>\n\t\t\t\t\t\t\t<\/div>\n\t\t","protected":false},"excerpt":{"rendered":"<p>Sociedad Ecuatoriana de Cuidados Intensivos (SECI) En los albores de la d\u00e9cada de los 70\u2019 se fueron estructurando las Unidades de Terapia Intensiva de Ecuador. El crecimiento [&hellip;]<\/p>\n","protected":false},"author":1,"featured_media":0,"parent":0,"menu_order":0,"comment_status":"closed","ping_status":"closed","template":"tpl\/front-page.php","meta":{"_eb_attr":""},"yoast_head":"<!-- This site is optimized with the Yoast SEO plugin v20.2.1 - https:\/\/yoast.com\/wordpress\/plugins\/seo\/ -->\r\n<title>SECI - UTIs Brasileiras<\/title>\r\n<meta name=\"robots\" content=\"noindex, follow, max-snippet:-1, max-image-preview:large, max-video-preview:-1\" \/>\r\n<meta property=\"og:locale\" content=\"en_US\" \/>\r\n<meta property=\"og:type\" content=\"article\" \/>\r\n<meta property=\"og:title\" content=\"SECI - UTIs Brasileiras\" \/>\r\n<meta property=\"og:description\" content=\"Sociedad Ecuatoriana de Cuidados Intensivos (SECI) En los albores de la d\u00e9cada de los 70\u2019 se fueron estructurando las Unidades de Terapia Intensiva de Ecuador. El crecimiento [&hellip;]\" \/>\r\n<meta property=\"og:url\" content=\"https:\/\/www.utisbrasileiras.com\/en\/seci\/\" \/>\r\n<meta property=\"og:site_name\" content=\"UTIs Brasileiras\" \/>\r\n<meta property=\"article:modified_time\" content=\"2023-02-02T17:43:53+00:00\" \/>\r\n<meta property=\"og:image\" content=\"http:\/\/www.ucisecuatorianas.com\/wp-content\/uploads\/2023\/01\/SECI.jpg\" \/>\r\n<meta name=\"twitter:card\" content=\"summary_large_image\" \/>\r\n<meta name=\"twitter:label1\" content=\"Est. reading time\" \/>\n\t<meta name=\"twitter:data1\" content=\"2 minutes\" \/>\r\n<script type=\"application\/ld+json\" class=\"yoast-schema-graph\">{\"@context\":\"https:\/\/schema.org\",\"@graph\":[{\"@type\":\"WebPage\",\"@id\":\"https:\/\/www.utisbrasileiras.com\/en\/seci\/\",\"url\":\"https:\/\/www.utisbrasileiras.com\/en\/seci\/\",\"name\":\"SECI - UTIs Brasileiras\",\"isPartOf\":{\"@id\":\"https:\/\/www.utisbrasileiras.com\/en\/#website\"},\"datePublished\":\"2023-01-31T18:02:40+00:00\",\"dateModified\":\"2023-02-02T17:43:53+00:00\",\"breadcrumb\":{\"@id\":\"https:\/\/www.utisbrasileiras.com\/en\/seci\/#breadcrumb\"},\"inLanguage\":\"en-US\",\"potentialAction\":[{\"@type\":\"ReadAction\",\"target\":[\"https:\/\/www.utisbrasileiras.com\/en\/seci\/\"]}]},{\"@type\":\"BreadcrumbList\",\"@id\":\"https:\/\/www.utisbrasileiras.com\/en\/seci\/#breadcrumb\",\"itemListElement\":[{\"@type\":\"ListItem\",\"position\":1,\"name\":\"In\u00edcio\",\"item\":\"https:\/\/www.utisbrasileiras.com\/en\/\"},{\"@type\":\"ListItem\",\"position\":2,\"name\":\"SECI\"}]},{\"@type\":\"WebSite\",\"@id\":\"https:\/\/www.utisbrasileiras.com\/en\/#website\",\"url\":\"https:\/\/www.utisbrasileiras.com\/en\/\",\"name\":\"UTIs Brasileiras\",\"description\":\"O projeto UTIs Brasileiras visa caracterizar o perfil epidemiol\u00f3gico das UTIs brasileiras\",\"potentialAction\":[{\"@type\":\"SearchAction\",\"target\":{\"@type\":\"EntryPoint\",\"urlTemplate\":\"https:\/\/www.utisbrasileiras.com\/en\/?s={search_term_string}\"},\"query-input\":\"required name=search_term_string\"}],\"inLanguage\":\"en-US\"}]}<\/script>\r\n<!-- \/ Yoast SEO plugin. -->","yoast_head_json":{"title":"SECI - UTIs Brasileiras","robots":{"index":"noindex","follow":"follow","max-snippet":"max-snippet:-1","max-image-preview":"max-image-preview:large","max-video-preview":"max-video-preview:-1"},"og_locale":"en_US","og_type":"article","og_title":"SECI - UTIs Brasileiras","og_description":"Sociedad Ecuatoriana de Cuidados Intensivos (SECI) En los albores de la d\u00e9cada de los 70\u2019 se fueron estructurando las Unidades de Terapia Intensiva de Ecuador. El crecimiento [&hellip;]","og_url":"https:\/\/www.utisbrasileiras.com\/en\/seci\/","og_site_name":"UTIs Brasileiras","article_modified_time":"2023-02-02T17:43:53+00:00","og_image":[{"url":"http:\/\/www.ucisecuatorianas.com\/wp-content\/uploads\/2023\/01\/SECI.jpg"}],"twitter_card":"summary_large_image","twitter_misc":{"Est. reading time":"2 minutes"},"schema":{"@context":"https:\/\/schema.org","@graph":[{"@type":"WebPage","@id":"https:\/\/www.utisbrasileiras.com\/en\/seci\/","url":"https:\/\/www.utisbrasileiras.com\/en\/seci\/","name":"SECI - UTIs Brasileiras","isPartOf":{"@id":"https:\/\/www.utisbrasileiras.com\/en\/#website"},"datePublished":"2023-01-31T18:02:40+00:00","dateModified":"2023-02-02T17:43:53+00:00","breadcrumb":{"@id":"https:\/\/www.utisbrasileiras.com\/en\/seci\/#breadcrumb"},"inLanguage":"en-US","potentialAction":[{"@type":"ReadAction","target":["https:\/\/www.utisbrasileiras.com\/en\/seci\/"]}]},{"@type":"BreadcrumbList","@id":"https:\/\/www.utisbrasileiras.com\/en\/seci\/#breadcrumb","itemListElement":[{"@type":"ListItem","position":1,"name":"In\u00edcio","item":"https:\/\/www.utisbrasileiras.com\/en\/"},{"@type":"ListItem","position":2,"name":"SECI"}]},{"@type":"WebSite","@id":"https:\/\/www.utisbrasileiras.com\/en\/#website","url":"https:\/\/www.utisbrasileiras.com\/en\/","name":"UTIs Brasileiras","description":"O projeto UTIs Brasileiras visa caracterizar o perfil epidemiol\u00f3gico das UTIs brasileiras","potentialAction":[{"@type":"SearchAction","target":{"@type":"EntryPoint","urlTemplate":"https:\/\/www.utisbrasileiras.com\/en\/?s={search_term_string}"},"query-input":"required name=search_term_string"}],"inLanguage":"en-US"}]}},"_links":{"self":[{"href":"https:\/\/www.utisbrasileiras.com\/en\/wp-json\/wp\/v2\/pages\/5258"}],"collection":[{"href":"https:\/\/www.utisbrasileiras.com\/en\/wp-json\/wp\/v2\/pages"}],"about":[{"href":"https:\/\/www.utisbrasileiras.com\/en\/wp-json\/wp\/v2\/types\/page"}],"author":[{"embeddable":true,"href":"https:\/\/www.utisbrasileiras.com\/en\/wp-json\/wp\/v2\/users\/1"}],"replies":[{"embeddable":true,"href":"https:\/\/www.utisbrasileiras.com\/en\/wp-json\/wp\/v2\/comments?post=5258"}],"version-history":[{"count":10,"href":"https:\/\/www.utisbrasileiras.com\/en\/wp-json\/wp\/v2\/pages\/5258\/revisions"}],"predecessor-version":[{"id":5561,"href":"https:\/\/www.utisbrasileiras.com\/en\/wp-json\/wp\/v2\/pages\/5258\/revisions\/5561"}],"wp:attachment":[{"href":"https:\/\/www.utisbrasileiras.com\/en\/wp-json\/wp\/v2\/media?parent=5258"}],"curies":[{"name":"wp","href":"https:\/\/api.w.org\/{rel}","templated":true}]}}